{"id":14,"date":"2023-11-07T04:35:05","date_gmt":"2023-11-07T03:35:05","guid":{"rendered":"https:\/\/aloum2.afrimvoe.net\/?page_id=14"},"modified":"2024-05-22T22:11:34","modified_gmt":"2024-05-22T20:11:34","slug":"galerie","status":"publish","type":"page","link":"https:\/\/aloum2.afrimvoe.net\/index.php\/galerie\/","title":{"rendered":"Personnalit\u00e9s"},"content":{"rendered":"\n<p>Bienvenue sur \u00ab\u00a0L\u00e9gendes et Traditions\u00a0\u00bb ! Cette page captivante vous plongera au c\u0153ur des mythes, des coutumes et des histoires qui entourent la vie des habitants du village Aloum 2. D\u00e9couvrez un univers riche en r\u00e9cits ancestraux transmis de g\u00e9n\u00e9ration en g\u00e9n\u00e9ration, o\u00f9 les l\u00e9gendes prennent vie et o\u00f9 les traditions se perp\u00e9tuent avec fiert\u00e9.<\/p>\n\n\n\n<p>Explorez les mythes fascinants qui ont fa\u00e7onn\u00e9 l&rsquo;identit\u00e9 de ce village, des contes myst\u00e9rieux aux cr\u00e9atures l\u00e9gendaires qui peuplent les r\u00e9cits. Plongez dans les coutumes uniques qui rythment la vie quotidienne des habitants, des c\u00e9l\u00e9brations color\u00e9es aux rituels sacr\u00e9s qui renforcent les liens communautaires.<\/p>\n\n\n\n<p>Laissez-vous emporter par les histoires captivantes qui vous transporteront dans le temps, vous faisant revivre les moments marquants de l&rsquo;histoire d&rsquo;Aloum 2. D\u00e9couvrez les h\u00e9ros et les h\u00e9ro\u00efnes qui ont fa\u00e7onn\u00e9 ce village, ainsi que les \u00e9v\u00e9nements qui ont forg\u00e9 son destin.<\/p>\n\n\n\n<p>Que vous soyez passionn\u00e9 par l&rsquo;histoire, la culture ou simplement curieux d&rsquo;en apprendre davantage sur les traditions locales, \u00ab\u00a0L\u00e9gendes et Traditions\u00a0\u00bb est votre guide incontournable pour explorer l&rsquo;univers fascinant du village Aloum 2. Pr\u00e9parez-vous \u00e0 \u00eatre \u00e9merveill\u00e9 par la richesse de son patrimoine immat\u00e9riel et \u00e0 vous immerger dans un monde o\u00f9 le pass\u00e9 et le pr\u00e9sent se rencontrent harmonieusement.<\/p>\n","protected":false},"excerpt":{"rendered":"<p>Bienvenue sur \u00ab\u00a0L\u00e9gendes et Traditions\u00a0\u00bb ! Cette page captivante vous plongera au c\u0153ur des mythes, des coutumes et des histoires qui entourent la vie des habitants du village Aloum 2. D\u00e9couvrez un univers riche en r\u00e9cits ancestraux transmis de g\u00e9n\u00e9ration en g\u00e9n\u00e9ration, o\u00f9 les l\u00e9gendes prennent vie et o\u00f9 les traditions se perp\u00e9tuent avec fiert\u00e9. Explorez les mythes fascinants qui [&hellip;]<\/p>\n","protected":false},"author":1,"featured_media":68,"parent":0,"menu_order":0,"comment_status":"closed","ping_status":"closed","template":"","meta":{"footnotes":""},"class_list":["post-14","page","type-page","status-publish","has-post-thumbnail","hentry"],"_links":{"self":[{"href":"https:\/\/aloum2.afrimvoe.net\/index.php\/wp-json\/wp\/v2\/pages\/14","targetHints":{"allow":["GET"]}}],"collection":[{"href":"https:\/\/aloum2.afrimvoe.net\/index.php\/wp-json\/wp\/v2\/pages"}],"about":[{"href":"https:\/\/aloum2.afrimvoe.net\/index.php\/wp-json\/wp\/v2\/types\/page"}],"author":[{"embeddable":true,"href":"https:\/\/aloum2.afrimvoe.net\/index.php\/wp-json\/wp\/v2\/users\/1"}],"replies":[{"embeddable":true,"href":"https:\/\/aloum2.afrimvoe.net\/index.php\/wp-json\/wp\/v2\/comments?post=14"}],"version-history":[{"count":5,"href":"https:\/\/aloum2.afrimvoe.net\/index.php\/wp-json\/wp\/v2\/pages\/14\/revisions"}],"predecessor-version":[{"id":277,"href":"https:\/\/aloum2.afrimvoe.net\/index.php\/wp-json\/wp\/v2\/pages\/14\/revisions\/277"}],"wp:featuredmedia":[{"embeddable":true,"href":"https:\/\/aloum2.afrimvoe.net\/index.php\/wp-json\/wp\/v2\/media\/68"}],"wp:attachment":[{"href":"https:\/\/aloum2.afrimvoe.net\/index.php\/wp-json\/wp\/v2\/media?parent=14"}],"curies":[{"name":"wp","href":"https:\/\/api.w.org\/{rel}","templated":true}]}}