{"id":23,"date":"2023-11-07T04:47:57","date_gmt":"2023-11-07T03:47:57","guid":{"rendered":"https:\/\/aloum2.afrimvoe.net\/?page_id=23"},"modified":"2023-11-16T06:32:01","modified_gmt":"2023-11-16T05:32:01","slug":"chefferie","status":"publish","type":"page","link":"https:\/\/aloum2.afrimvoe.net\/index.php\/chefferie\/","title":{"rendered":"Chefferie"},"content":{"rendered":"\n<p class=\"has-medium-font-size\">Cette chefferie est administrativement rattach\u00e9e \u00e0 la chefferie de 2e degr\u00e9 de <strong>Ngoto II<\/strong>. Au fil des ann\u00e9es, notre village a \u00e9t\u00e9 dirig\u00e9 par plusieurs chefs remarquables, qui ont marqu\u00e9 notre histoire et contribu\u00e9 au d\u00e9veloppement de notre communaut\u00e9.<\/p>\n\n\n\n<p class=\"has-medium-font-size\">Voici quelques-uns des principaux chefs qui ont exerc\u00e9 leur autorit\u00e9 sur Aloum 2 :<\/p>\n\n\n\n<ol class=\"wp-block-list\">\n<li class=\"has-medium-font-size\"><strong>S.M Mengom<\/strong> &#8211; Chef respect\u00e9 et aim\u00e9, S.M Mengom a jou\u00e9 un r\u00f4le cl\u00e9 dans la progression de notre village.<\/li>\n\n\n\n<li class=\"has-medium-font-size\"><strong>S.M Nna Jean Pierre<\/strong> &#8211; Sous son leadership \u00e9clair\u00e9 , Aloum 2 a connu des progr\u00e8s significatifs et des am\u00e9liorations importantes pour ses habitants.<\/li>\n\n\n\n<li class=\"has-medium-font-size\"><strong>S.M Amvene Ondoua Robert<\/strong> (1964-1991) &#8211; Pendant ses ann\u00e9es de service d\u00e9vou\u00e9, S.M Amvene Ondoua Robert a apport\u00e9 son expertise et son dynamisme \u00e0 la t\u00eate de notre communaut\u00e9.<\/li>\n\n\n\n<li class=\"has-medium-font-size\"><strong>S.M Nko&rsquo;o Amvene Samuel<\/strong> (depuis 1992) &#8211; Notre chef actuel, S.M Nko&rsquo;o Amvene Samuel, est une source d&rsquo;inspiration pour nous tous. Ses initiatives novatrices et son engagement \u00e0 am\u00e9liorer la vie des habitants d&rsquo;Aloum 2 font de lui un leader respect\u00e9 et appr\u00e9ci\u00e9.<\/li>\n<\/ol>\n\n\n\n<p class=\"has-medium-font-size\">Gr\u00e2ce aux efforts des chefs successifs, notre village a travers\u00e9 plusieurs \u00e9poques et a su s&rsquo;adapter aux \u00e9volutions modernes, tout en pr\u00e9servant nos traditions et notre identit\u00e9 culturelle.<\/p>\n\n\n\n<p class=\"has-medium-font-size\">Nous sommes fiers de l&rsquo;h\u00e9ritage de nos chefs et nous nous effor\u00e7ons de poursuivre leur travail en collaboration avec les autorit\u00e9s locales et les membres de notre communaut\u00e9. Par le biais de cette page, nous souhaitons mettre en valeur notre chefferie et partager avec vous notre h\u00e9ritage commun.<\/p>\n\n\n\n<p class=\"has-medium-font-size\">N&rsquo;h\u00e9sitez pas \u00e0 explorer nos autres sections pour en savoir plus sur notre village, son histoire et ses projets en cours.<\/p>\n\n\n\n<p class=\"has-medium-font-size\">Ensemble, continuons \u00e0 \u00e9crire l&rsquo;histoire d&rsquo;Aloum 2 !<\/p>\n\n\n\n<p><\/p>\n","protected":false},"excerpt":{"rendered":"<p>Cette chefferie est administrativement rattach\u00e9e \u00e0 la chefferie de 2e degr\u00e9 de Ngoto II. Au fil des ann\u00e9es, notre village a \u00e9t\u00e9 dirig\u00e9 par plusieurs chefs remarquables, qui ont marqu\u00e9 notre histoire et contribu\u00e9 au d\u00e9veloppement de notre communaut\u00e9. Voici quelques-uns des principaux chefs qui ont exerc\u00e9 leur autorit\u00e9 sur Aloum 2 : Gr\u00e2ce aux efforts des chefs successifs, notre [&hellip;]<\/p>\n","protected":false},"author":1,"featured_media":117,"parent":0,"menu_order":0,"comment_status":"closed","ping_status":"closed","template":"","meta":{"footnotes":""},"class_list":["post-23","page","type-page","status-publish","has-post-thumbnail","hentry"],"_links":{"self":[{"href":"https:\/\/aloum2.afrimvoe.net\/index.php\/wp-json\/wp\/v2\/pages\/23","targetHints":{"allow":["GET"]}}],"collection":[{"href":"https:\/\/aloum2.afrimvoe.net\/index.php\/wp-json\/wp\/v2\/pages"}],"about":[{"href":"https:\/\/aloum2.afrimvoe.net\/index.php\/wp-json\/wp\/v2\/types\/page"}],"author":[{"embeddable":true,"href":"https:\/\/aloum2.afrimvoe.net\/index.php\/wp-json\/wp\/v2\/users\/1"}],"replies":[{"embeddable":true,"href":"https:\/\/aloum2.afrimvoe.net\/index.php\/wp-json\/wp\/v2\/comments?post=23"}],"version-history":[{"count":5,"href":"https:\/\/aloum2.afrimvoe.net\/index.php\/wp-json\/wp\/v2\/pages\/23\/revisions"}],"predecessor-version":[{"id":134,"href":"https:\/\/aloum2.afrimvoe.net\/index.php\/wp-json\/wp\/v2\/pages\/23\/revisions\/134"}],"wp:featuredmedia":[{"embeddable":true,"href":"https:\/\/aloum2.afrimvoe.net\/index.php\/wp-json\/wp\/v2\/media\/117"}],"wp:attachment":[{"href":"https:\/\/aloum2.afrimvoe.net\/index.php\/wp-json\/wp\/v2\/media?parent=23"}],"curies":[{"name":"wp","href":"https:\/\/api.w.org\/{rel}","templated":true}]}}