{"id":8,"date":"2023-11-07T04:29:45","date_gmt":"2023-11-07T03:29:45","guid":{"rendered":"https:\/\/aloum2.afrimvoe.net\/?page_id=8"},"modified":"2023-11-16T06:16:45","modified_gmt":"2023-11-16T05:16:45","slug":"accueil","status":"publish","type":"page","link":"https:\/\/aloum2.afrimvoe.net\/","title":{"rendered":"Accueil"},"content":{"rendered":"\n<p class=\"has-medium-font-size\">Situ\u00e9 dans la magnifique R\u00e9gion du Sud du Cameroun, <strong>Aloum 2<\/strong> se trouve au c\u0153ur de la commune d&rsquo;Ebolowa IIe, dans le d\u00e9partement de la Mvila. Notre village est fier de sa devise, qui est \u00ab<strong> MVOE-BIBOTAN-AFOK <\/strong>\u00bb, signifiant \u00ab Paix, b\u00e9n\u00e9diction, prosp\u00e9rit\u00e9 \u00bb.<\/p>\n\n\n\n<p class=\"has-medium-font-size\"><strong>Aloum 2<\/strong> est un lieu empreint d&rsquo;<strong>histoire<\/strong> et de<strong> tradition<\/strong>, offrant \u00e0 ses habitants et aux visiteurs une atmosph\u00e8re paisible et accueillante. Vous serez enchant\u00e9 par la beaut\u00e9 de nos paysages verdoyants, parfum\u00e9s des senteurs exotiques de notre flore locale.<\/p>\n\n\n\n<p class=\"has-medium-font-size\">Notre communaut\u00e9 est <strong>forte<\/strong> et <strong>solidaire<\/strong>, mettant l&rsquo;accent sur les valeurs de <strong>paix<\/strong>, de <strong>b\u00e9n\u00e9diction<\/strong> et de <strong>prosp\u00e9rit\u00e9<\/strong>. Nous avons \u00e0 c\u0153ur de pr\u00e9server et de transmettre notre h\u00e9ritage culturel, ce qui se refl\u00e8te dans nos festivals color\u00e9s et nos traditions ancestrales.<\/p>\n\n\n\n<p class=\"has-medium-font-size\">Que vous soyez int\u00e9ress\u00e9 par la d\u00e9couverte de notre riche patrimoine, par l&rsquo;exploration de nos sentiers pittoresques ou par les \u00e9changes chaleureux avec nos villageois, Aloum 2 saura vous offrir une exp\u00e9rience inoubliable.<\/p>\n\n\n\n<p class=\"has-medium-font-size\">Nous sommes ravis de vous accueillir sur notre site web, o\u00f9 vous trouverez de plus amples informations sur notre village enchanteur, nos traditions, nos actualit\u00e9s et bien plus encore.<\/p>\n\n\n\n<p class=\"has-medium-font-size\">N&rsquo;h\u00e9sitez pas \u00e0 parcourir notre site et \u00e0 nous rendre visite prochainement. Aloum 2 vous ouvre grand ses portes !<\/p>\n\n\n\n<p class=\"has-medium-font-size\">Bien amicalement,<\/p>\n\n\n\n<p class=\"has-medium-font-size\">L&rsquo;\u00e9quipe d&rsquo;Aloum 2<\/p>\n","protected":false},"excerpt":{"rendered":"<p>Situ\u00e9 dans la magnifique R\u00e9gion du Sud du Cameroun, Aloum 2 se trouve au c\u0153ur de la commune d&rsquo;Ebolowa IIe, dans le d\u00e9partement de la Mvila. Notre village est fier de sa devise, qui est \u00ab MVOE-BIBOTAN-AFOK \u00bb, signifiant \u00ab Paix, b\u00e9n\u00e9diction, prosp\u00e9rit\u00e9 \u00bb. Aloum 2 est un lieu empreint d&rsquo;histoire et de tradition, offrant \u00e0 ses habitants et aux [&hellip;]<\/p>\n","protected":false},"author":1,"featured_media":57,"parent":0,"menu_order":0,"comment_status":"closed","ping_status":"closed","template":"","meta":{"footnotes":""},"class_list":["post-8","page","type-page","status-publish","has-post-thumbnail","hentry"],"_links":{"self":[{"href":"https:\/\/aloum2.afrimvoe.net\/index.php\/wp-json\/wp\/v2\/pages\/8","targetHints":{"allow":["GET"]}}],"collection":[{"href":"https:\/\/aloum2.afrimvoe.net\/index.php\/wp-json\/wp\/v2\/pages"}],"about":[{"href":"https:\/\/aloum2.afrimvoe.net\/index.php\/wp-json\/wp\/v2\/types\/page"}],"author":[{"embeddable":true,"href":"https:\/\/aloum2.afrimvoe.net\/index.php\/wp-json\/wp\/v2\/users\/1"}],"replies":[{"embeddable":true,"href":"https:\/\/aloum2.afrimvoe.net\/index.php\/wp-json\/wp\/v2\/comments?post=8"}],"version-history":[{"count":16,"href":"https:\/\/aloum2.afrimvoe.net\/index.php\/wp-json\/wp\/v2\/pages\/8\/revisions"}],"predecessor-version":[{"id":118,"href":"https:\/\/aloum2.afrimvoe.net\/index.php\/wp-json\/wp\/v2\/pages\/8\/revisions\/118"}],"wp:featuredmedia":[{"embeddable":true,"href":"https:\/\/aloum2.afrimvoe.net\/index.php\/wp-json\/wp\/v2\/media\/57"}],"wp:attachment":[{"href":"https:\/\/aloum2.afrimvoe.net\/index.php\/wp-json\/wp\/v2\/media?parent=8"}],"curies":[{"name":"wp","href":"https:\/\/api.w.org\/{rel}","templated":true}]}}